{"id":28,"date":"2012-10-14T23:02:56","date_gmt":"2012-10-14T23:02:56","guid":{"rendered":"http:\/\/pgraberg.com\/stratos\/?page_id=28"},"modified":"2012-10-16T11:16:46","modified_gmt":"2012-10-16T11:16:46","slug":"stratos-4","status":"publish","type":"page","link":"https:\/\/pgraberg.com\/stratos\/stratos-4\/","title":{"rendered":"STRATOS"},"content":{"rendered":"<p><link rel=\"stylesheet\" type=\"text\/css\" href=\"http:\/\/fonts.googleapis.com\/css?family=impact,chicago\">\n\t<style type=\"text\/css\">\n\t #sppeditorfont p,#sppeditorfont span{ font-family: impact,chicago; font-size: 42px; }\n\t<\/style>\n\t<div id=\"sppeditorfont\" style=\"text-align: center;color: #DE0202; font-family: impact,chicago; font-size: 42px; line-height: 110%; text-shadow: 3px 3px 3px #999999; font-style:normal; font-weight:normal; padding: 10px 0;\">&#8211; STRATOS &#8211;<br \/>\nNorrbottens Flygflottiljs Marsch<br \/>\nFramf\u00f6rs av Svenska Arm\u00e9ns Musikk\u00e5r i Stockholm<br \/>\nKomposit\u00f6r Per Gunnar R\u00e5berg<\/div><br \/>\n<link rel=\"stylesheet\" type=\"text\/css\" href=\"http:\/\/fonts.googleapis.com\/css?family=impact,chicago\">\n\t<style type=\"text\/css\">\n\t #sppeditorfont p,#sppeditorfont span{ font-family: impact,chicago; font-size: 32px; }\n\t<\/style>\n\t<div id=\"sppeditorfont\" style=\"text-align: center;color: #0F0000; font-family: impact,chicago; font-size: 32px; line-height: 110%; text-shadow: 3px 3px 3px #999999; font-style:normal; font-weight:normal; padding: 10px 0;\">Marschen uruppf\u00f6randes av statliga Regionmusikk\u00e5ren f\u00f6r \u00d6vre Norrland inf\u00f6r Kung Carl Gustaf och Drottning Silvia i samband med invigningen av Kallax nya flygstation i Lule\u00e5 den 10 september 1985.<br \/>\nPG R\u00e5berg dirigerade orkestern <\/div><\/p>\n","protected":false},"excerpt":{"rendered":"<p>\t #sppeditorfont p,#sppeditorfont span{ font-family: impact,chicago; font-size: 42px; }<\/p>\n<p>\t&#8211; STRATOS &#8211;<br \/>\nNorrbottens Flygflottiljs Marsch<br \/>\nFramf\u00f6rs av Svenska Arm\u00e9ns Musikk\u00e5r i Stockholm<br \/>\nKomposit\u00f6r Per Gunnar R\u00e5berg<\/p>\n<p>\t #sppeditorfont p,#sppeditorfont span{ font-family: impact,chicago; font-size: 32px; }<\/p>\n<p>\tMarschen uruppf\u00f6randes av statliga Regionmusikk\u00e5ren f\u00f6r \u00d6vre Norrland inf\u00f6r Kung Carl Gustaf och Drottning Silvia i samband med invigningen av Kallax nya flygstation i Lule\u00e5 den [&#8230;]<\/p>\n<a href=\"https:\/\/pgraberg.com\/stratos\/stratos-4\/\">Read more<\/a>","protected":false},"author":1,"featured_media":0,"parent":0,"menu_order":0,"comment_status":"open","ping_status":"open","template":"Blue Template.php","meta":{"footnotes":""},"class_list":["post-28","page","type-page","status-publish","hentry"],"_links":{"self":[{"href":"https:\/\/pgraberg.com\/stratos\/wp-json\/wp\/v2\/pages\/28","targetHints":{"allow":["GET"]}}],"collection":[{"href":"https:\/\/pgraberg.com\/stratos\/wp-json\/wp\/v2\/pages"}],"about":[{"href":"https:\/\/pgraberg.com\/stratos\/wp-json\/wp\/v2\/types\/page"}],"author":[{"embeddable":true,"href":"https:\/\/pgraberg.com\/stratos\/wp-json\/wp\/v2\/users\/1"}],"replies":[{"embeddable":true,"href":"https:\/\/pgraberg.com\/stratos\/wp-json\/wp\/v2\/comments?post=28"}],"version-history":[{"count":11,"href":"https:\/\/pgraberg.com\/stratos\/wp-json\/wp\/v2\/pages\/28\/revisions"}],"predecessor-version":[{"id":44,"href":"https:\/\/pgraberg.com\/stratos\/wp-json\/wp\/v2\/pages\/28\/revisions\/44"}],"wp:attachment":[{"href":"https:\/\/pgraberg.com\/stratos\/wp-json\/wp\/v2\/media?parent=28"}],"curies":[{"name":"wp","href":"https:\/\/api.w.org\/{rel}","templated":true}]}}