{"id":5,"date":"2012-10-16T10:07:31","date_gmt":"2012-10-16T10:07:31","guid":{"rendered":"http:\/\/pgraberg.com\/fo67\/?page_id=5"},"modified":"2012-10-16T11:04:07","modified_gmt":"2012-10-16T11:04:07","slug":"fo67-marsch","status":"publish","type":"page","link":"https:\/\/pgraberg.com\/fo67\/fo67-marsch\/","title":{"rendered":"Fo67 Marsch"},"content":{"rendered":"<p><link rel=\"stylesheet\" type=\"text\/css\" href=\"http:\/\/fonts.googleapis.com\/css?family=impact,chicago\">\n\t<style type=\"text\/css\">\n\t #sppeditorfont p,#sppeditorfont span{ font-family: impact,chicago; font-size: 42px; }\n\t<\/style>\n\t<div id=\"sppeditorfont\" style=\"text-align: center;color: #DE0202; font-family: impact,chicago; font-size: 42px; line-height: 110%; text-shadow: 3px 3px 3px #999999; font-style:normal; font-weight:normal; padding: 10px 0;\">&#8211; Fo67 Defence Zone &#8211;<br \/>\nKalix F\u00f6rsvarsomr\u00e5dets Marsch<br \/>\nFramf\u00f6rs av Svenska Arm\u00e9ns Musikk\u00e5r i Stockholm<br \/>\nKomposit\u00f6r Per Gunnar R\u00e5berg<\/div><br \/>\n<link rel=\"stylesheet\" type=\"text\/css\" href=\"http:\/\/fonts.googleapis.com\/css?family=impact,chicago\">\n\t<style type=\"text\/css\">\n\t #sppeditorfont p,#sppeditorfont span{ font-family: impact,chicago; font-size: 32px; }\n\t<\/style>\n\t<div id=\"sppeditorfont\" style=\"text-align: center;color: #0D0000; font-family: impact,chicago; font-size: 32px; line-height: 110%; text-shadow: 3px 3px 3px #999999; font-style:normal; font-weight:normal; padding: 10px 0;\">Till\u00e4gnad D\u00e5varande Chefen<br \/>\nf\u00f6r Svenska Arm\u00e9n<br \/>\nGeneral Erik G. Bengtsson<\/div><\/p>\n","protected":false},"excerpt":{"rendered":"<p>\t #sppeditorfont p,#sppeditorfont span{ font-family: impact,chicago; font-size: 42px; }<\/p>\n<p>\t&#8211; Fo67 Defence Zone &#8211;<br \/>\nKalix F\u00f6rsvarsomr\u00e5dets Marsch<br \/>\nFramf\u00f6rs av Svenska Arm\u00e9ns Musikk\u00e5r i Stockholm<br \/>\nKomposit\u00f6r Per Gunnar R\u00e5berg<\/p>\n<p>\t #sppeditorfont p,#sppeditorfont span{ font-family: impact,chicago; font-size: 32px; }<\/p>\n<p>\tTill\u00e4gnad D\u00e5varande Chefen<br \/>\nf\u00f6r Svenska Arm\u00e9n<br \/>\nGeneral Erik G. Bengtsson<\/p>\n<a href=\"https:\/\/pgraberg.com\/fo67\/fo67-marsch\/\">Read more<\/a>","protected":false},"author":1,"featured_media":0,"parent":0,"menu_order":0,"comment_status":"open","ping_status":"open","template":"Blue Template.php","meta":{"footnotes":""},"class_list":["post-5","page","type-page","status-publish","hentry"],"_links":{"self":[{"href":"https:\/\/pgraberg.com\/fo67\/wp-json\/wp\/v2\/pages\/5","targetHints":{"allow":["GET"]}}],"collection":[{"href":"https:\/\/pgraberg.com\/fo67\/wp-json\/wp\/v2\/pages"}],"about":[{"href":"https:\/\/pgraberg.com\/fo67\/wp-json\/wp\/v2\/types\/page"}],"author":[{"embeddable":true,"href":"https:\/\/pgraberg.com\/fo67\/wp-json\/wp\/v2\/users\/1"}],"replies":[{"embeddable":true,"href":"https:\/\/pgraberg.com\/fo67\/wp-json\/wp\/v2\/comments?post=5"}],"version-history":[{"count":13,"href":"https:\/\/pgraberg.com\/fo67\/wp-json\/wp\/v2\/pages\/5\/revisions"}],"predecessor-version":[{"id":11,"href":"https:\/\/pgraberg.com\/fo67\/wp-json\/wp\/v2\/pages\/5\/revisions\/11"}],"wp:attachment":[{"href":"https:\/\/pgraberg.com\/fo67\/wp-json\/wp\/v2\/media?parent=5"}],"curies":[{"name":"wp","href":"https:\/\/api.w.org\/{rel}","templated":true}]}}